{"id":540,"date":"2023-04-12T15:13:13","date_gmt":"2023-04-12T13:13:13","guid":{"rendered":"http:\/\/h2763073.stratoserver.net\/wp01\/?page_id=540"},"modified":"2023-04-12T15:13:13","modified_gmt":"2023-04-12T13:13:13","slug":"impressum","status":"publish","type":"page","link":"https:\/\/pbfree.risse-wilke.de\/?page_id=540","title":{"rendered":"Impressum"},"content":{"rendered":"<div id=\"pl-540\"  class=\"panel-layout\" ><div id=\"pg-540-0\"  class=\"panel-grid panel-no-style\" ><div id=\"pgc-540-0-0\"  class=\"panel-grid-cell\" ><div id=\"panel-540-0-0-0\" class=\"so-panel widget widget_sow-editor panel-first-child panel-last-child\" data-index=\"0\" ><div\n\t\t\t\n\t\t\tclass=\"so-widget-sow-editor so-widget-sow-editor-base\"\n\t\t\t\n\t\t>\n<div class=\"siteorigin-widget-tinymce textwidget\">\n\t<p>Risse + Wilke Kaltband GmbH & Co. KG<br \/>\nStenglingser Weg 46<\/p>\n<p>D-58642 Iserlohn<\/p>\n<p>______________________________________<\/p>\n<p>Tel.: +49 (0) 23 74\/9 35-0<\/p>\n<p>Fax: +49 (0) 23 74\/9 35-2 25<\/p>\n<p>E-Mail: zentrale@risse-wilke.de<br \/>\nwww.risse-wilke.de<\/p>\n<p>______________________________________ <\/p>\n<p>Risse + Wilke Kaltband GmbH & Co. KG<\/p>\n<p>Amtsgericht Iserlohn HRA 1908<\/p>\n<p>Komplement\u00e4rin: Risse + Wilke Kaltband u. Verwaltungs GmbH<\/p>\n<p>Amtsgericht Iserlohn HRB 2170<\/p>\n<p>USt-IdNr.: DE 812350331<\/p>\n<p>______________________________________<\/p>\n<p>Gesch\u00e4ftsf\u00fchrer: Dr. Kai Wilke, J\u00f6rg Loh\u00f6lter, Christoph Sch\u00f6ttler<\/p>\n<p>________________________<\/p>\n<p>Disclaimer<\/p>\n<p>Haftungsbeschr\u00e4nkung<br \/>\nDie Inhalte des Internetauftritts wurden mit gr\u00f6\u00dftm\u00f6glicher Sorgfalt und nach bestem Gewissen erstellt. Dennoch \u00fcbernimmt der Anbieter dieser Webseite keine Gew\u00e4hr f\u00fcr die Aktualit\u00e4t, Vollst\u00e4ndigkeit und Richtigkeit der bereitgestellten Seiten und Inhalte.<\/p>\n<p>Als Diensteanbieter ist der Anbieter dieser Webseite gem\u00e4\u00df \u00a7 7 Abs. 1 TMG f\u00fcr eigene Inhalte und bereitgestellte Informationen auf diesen Seiten nach den allgemeinen Gesetzen verantwortlich; nach den \u00a7\u00a7 8 bis 10 TMG jedoch nicht verpflichtet, die \u00fcbermittelten oder gespeicherten fremden Informationen zu \u00fcberwachen. Eine Entfernung oder Sperrung dieser Inhalte erfolgt umgehend ab dem Zeitpunkt der Kenntnis einer konkreten Rechtsverletzung. Eine Haftung ist erst ab dem Zeitpunkt der Kenntniserlangung m\u00f6glich.<\/p>\n<p>Externe Links<br \/>\nDie Webseite enth\u00e4lt sog. \u201eexterne Links\u201c (Verlinkungen) zu anderen Webseiten, auf deren Inhalt der Anbieter der Webseite keinen Einfluss hat. Aus diesem Grund kann der Anbieter f\u00fcr diese Inhalte auch keine Gew\u00e4hr \u00fcbernehmen.<br \/>\nF\u00fcr die Inhalte und Richtigkeit der bereitgestellten Informationen ist der jeweilige Anbieter der verlinkten Webseite verantwortlich. Zum Zeitpunkt der Verlinkung waren keine Rechtsverst\u00f6\u00dfe erkennbar. Bei Bekanntwerden einer solchen Rechtsverletzung wird der Link umgehend entfernen.<\/p>\n<p>Urheberrecht\/Leistungsschutzrecht<br \/>\nDie auf dieser Webseite ver\u00f6ffentlichten Inhalte, Werke und bereitgestellten Informationen unterliegen dem deutschen Urheberrecht und Leistungsschutzrecht. Jede Art der Vervielf\u00e4ltigung, Bearbeitung, Verbreitung, Einspeicherung und jede Art der Verwertung au\u00dferhalb der Grenzen des Urheberrechts bedarf der vorherigen schriftlichen Zustimmung des jeweiligen Rechteinhabers. Das unerlaubte Kopieren\/Speichern der bereitgestellten Informationen auf diesen Webseiten ist nicht gestattet und strafbar.<\/p>\n<\/div>\n<\/div><\/div><\/div><\/div><\/div>","protected":false},"excerpt":{"rendered":"<p>Risse + Wilke Kaltband GmbH &#038; Co. KG Stenglingser Weg 46 D-58642 Iserlohn ______________________________________ Tel.: +49 (0) 23 74\/9 35-0 Fax: +49 (0) 23 74\/9 35-2 25 E-Mail: zentrale@risse-wilke.de www.risse-wilke.de ______________________________________ Risse + Wilke Kaltband GmbH &#038; Co. KG Amtsgericht Iserlohn HRA 1908 Komplement\u00e4rin: Risse + Wilke Kaltband u. Verwaltungs GmbH Amtsgericht Iserlohn HRB 2170 [&hellip;]<\/p>\n","protected":false},"author":1,"featured_media":0,"parent":0,"menu_order":0,"comment_status":"closed","ping_status":"closed","template":"","meta":{"footnotes":""},"class_list":["post-540","page","type-page","status-publish","hentry","post"],"_links":{"self":[{"href":"https:\/\/pbfree.risse-wilke.de\/index.php?rest_route=\/wp\/v2\/pages\/540"}],"collection":[{"href":"https:\/\/pbfree.risse-wilke.de\/index.php?rest_route=\/wp\/v2\/pages"}],"about":[{"href":"https:\/\/pbfree.risse-wilke.de\/index.php?rest_route=\/wp\/v2\/types\/page"}],"author":[{"embeddable":true,"href":"https:\/\/pbfree.risse-wilke.de\/index.php?rest_route=\/wp\/v2\/users\/1"}],"replies":[{"embeddable":true,"href":"https:\/\/pbfree.risse-wilke.de\/index.php?rest_route=%2Fwp%2Fv2%2Fcomments&post=540"}],"version-history":[{"count":1,"href":"https:\/\/pbfree.risse-wilke.de\/index.php?rest_route=\/wp\/v2\/pages\/540\/revisions"}],"predecessor-version":[{"id":541,"href":"https:\/\/pbfree.risse-wilke.de\/index.php?rest_route=\/wp\/v2\/pages\/540\/revisions\/541"}],"wp:attachment":[{"href":"https:\/\/pbfree.risse-wilke.de\/index.php?rest_route=%2Fwp%2Fv2%2Fmedia&parent=540"}],"curies":[{"name":"wp","href":"https:\/\/api.w.org\/{rel}","templated":true}]}}